{"id":3415,"date":"2023-09-27T15:14:28","date_gmt":"2023-09-27T18:14:28","guid":{"rendered":"https:\/\/exponor.cl\/?page_id=3415"},"modified":"2025-07-11T11:37:07","modified_gmt":"2025-07-11T14:37:07","slug":"expositores-2024-2","status":"publish","type":"page","link":"https:\/\/exponor.cl\/en\/expositores-2024-2\/","title":{"rendered":"Expositores 2026"},"content":{"rendered":"\n[et_pb_section fb_built=&#8221;1&#8243; _builder_version=&#8221;4.16&#8243; global_colors_info=&#8221;{}&#8221;][et_pb_row _builder_version=&#8221;4.16&#8243; background_size=&#8221;initial&#8221; background_position=&#8221;top_left&#8221; background_repeat=&#8221;repeat&#8221; custom_padding=&#8221;|||0px||&#8221; global_colors_info=&#8221;{}&#8221;][et_pb_column type=&#8221;4_4&#8243; _builder_version=&#8221;4.16&#8243; custom_padding=&#8221;|||&#8221; global_colors_info=&#8221;{}&#8221; custom_padding__hover=&#8221;|||&#8221;][et_pb_text _builder_version=&#8221;4.23.1&#8243; _module_preset=&#8221;default&#8221; header_font=&#8221;|700|||||||&#8221; header_font_size=&#8221;36px&#8221; header_text_color=&#8221;#2C4D98&#8243; hover_enabled=&#8221;0&#8243; sticky_enabled=&#8221;0&#8243;]<h1>Trabaja Con Nosotros<\/h1>[\/et_pb_text][et_pb_text _builder_version=&#8221;4.23.1&#8243; _module_preset=&#8221;default&#8221; text_text_color=&#8221;#000000&#8243; hover_enabled=&#8221;0&#8243; sticky_enabled=&#8221;0&#8243;]<h3>Licitaciones<\/h3>[\/et_pb_text][et_pb_text _builder_version=&#8221;4.23.1&#8243; background_size=&#8221;initial&#8221; background_position=&#8221;top_left&#8221; background_repeat=&#8221;repeat&#8221; global_colors_info=&#8221;{}&#8221;]<p><!-- divi:group {\"align\":\"wide\",\"layout\":{\"type\":\"constrained\"}} --><\/p>\n<div class=\"wp-block-group alignwide\"><!-- divi:tablepress\/table {\"id\":\"2\"} --><br \/>\n<table id=\"tablepress-4\" class=\"tablepress tablepress-id-4\">\n<thead>\n<tr class=\"row-1\">\n\t<th class=\"column-1\">Servicio<\/th><th class=\"column-2\">Descripci\u00f3n<\/th><th class=\"column-3\">Contacto<\/th><th class=\"column-4\">Fecha de Cierre<\/th>\n<\/tr>\n<\/thead>\n<tbody class=\"row-striping row-hover\">\n<tr class=\"row-2\">\n\t<td class=\"column-1\">Suministro de cierre perimetral<\/td><td class=\"column-2\">Suministro e instalaci\u00f3n de equipamiento para cerrar o delimitar zonas o \u00e1reas de seguridad.<\/td><td class=\"column-3\">operaciones.exponor@aia.cl<\/td><td class=\"column-4\">Bases Cotizaci\u00f3n, Fecha a Confirmar<\/td>\n<\/tr>\n<tr class=\"row-3\">\n\t<td class=\"column-1\">Arriendo de equipos computacionales<\/td><td class=\"column-2\">Arriendo de computadores, impresoras, impresoras para etiquetas y suministro de etiquetas.<\/td><td class=\"column-3\">operaciones.exponor@aia.cl<\/td><td class=\"column-4\">ADJUDICADO<\/td>\n<\/tr>\n<tr class=\"row-4\">\n\t<td class=\"column-1\">Arriendo de carpas<\/td><td class=\"column-2\">Suministro y montaje de carpas y toldos.<\/td><td class=\"column-3\">karlau.codetia@aia.cl<\/td><td class=\"column-4\">CERRADO<\/td>\n<\/tr>\n<tr class=\"row-5\">\n\t<td class=\"column-1\">Traslado de personas<\/td><td class=\"column-2\">Arriendo de buses y van para traslados de personas.<\/td><td class=\"column-3\">operaciones.exponor@aia.cl<\/td><td class=\"column-4\">En proceso de cotizaci\u00f3n hasta marzo<\/td>\n<\/tr>\n<tr class=\"row-6\">\n\t<td class=\"column-1\">Arriendo de m\u00f3dulos<\/td><td class=\"column-2\">Arriendo de m\u00f3dulos ba\u00f1os, bodegas y oficinas.<\/td><td class=\"column-3\">jcontreras@aia.cl<\/td><td class=\"column-4\">CERRADO<\/td>\n<\/tr>\n<tr class=\"row-7\">\n\t<td class=\"column-1\">Movimiento de tierra<\/td><td class=\"column-2\">Movimiento de tierra y habilitaci\u00f3n de terrenos.<\/td><td class=\"column-3\">operaciones.exponor@aia.cl<\/td><td class=\"column-4\">CERRADO<\/td>\n<\/tr>\n<tr class=\"row-8\">\n\t<td class=\"column-1\">Manejo y retiro de residuos s\u00f3lidos<\/td><td class=\"column-2\">Manejo y retiro de basura domiciliaria y escombros al vertedero.<\/td><td class=\"column-3\">operaciones.exponor@aia.cl<\/td><td class=\"column-4\">Cerrado, en adjudicaci\u00f3n<\/td>\n<\/tr>\n<tr class=\"row-9\">\n\t<td class=\"column-1\">Obras menores<\/td><td class=\"column-2\">Mantenci\u00f3n y reparaci\u00f3n de luminarias, pintura, escaleras, portones y otros.<\/td><td class=\"column-3\">jcontreras@aia.cl<\/td><td class=\"column-4\">CERRADO<\/td>\n<\/tr>\n<tr class=\"row-10\">\n\t<td class=\"column-1\">Servicio de atenci\u00f3n<\/td><td class=\"column-2\">Contrataci\u00f3n de personal para atender acreditaci\u00f3n.<\/td><td class=\"column-3\">operaciones.exponor@aia.cl<\/td><td class=\"column-4\">Bases Cotizaci\u00f3n, Fecha a Confirmar<\/td>\n<\/tr>\n<tr class=\"row-11\">\n\t<td class=\"column-1\">Arriendo de extintores<\/td><td class=\"column-2\">Equipos de extintores de PQS y CO2.<\/td><td class=\"column-3\">jcontreras@aia.cl<\/td><td class=\"column-4\">En proceso de cotizaci\u00f3n hasta marzo<\/td>\n<\/tr>\n<tr class=\"row-12\">\n\t<td class=\"column-1\">Servicio de Aseo<\/td><td class=\"column-2\"><\/td><td class=\"column-3\">jcontreras@aia.cl<\/td><td class=\"column-4\">CERRADO<\/td>\n<\/tr>\n<tr class=\"row-13\">\n\t<td class=\"column-1\">Servicio de Seguridad<\/td><td class=\"column-2\"><\/td><td class=\"column-3\">jcontreras@aia.cl<\/td><td class=\"column-4\">CERRADO<\/td>\n<\/tr>\n<tr class=\"row-14\">\n\t<td class=\"column-1\">Sistema de Acreditaci\u00f3n<\/td><td class=\"column-2\"><\/td><td class=\"column-3\">operaciones.exponor@aia.cl<\/td><td class=\"column-4\">ADJUDICADO<\/td>\n<\/tr>\n<tr class=\"row-15\">\n\t<td class=\"column-1\">Arriendo Andamios y Estructuras<\/td><td class=\"column-2\"><\/td><td class=\"column-3\">karlau.codetia@aia.cl<\/td><td class=\"column-4\">ADJUDICADO<\/td>\n<\/tr>\n<tr class=\"row-16\">\n\t<td class=\"column-1\">Internet Organizaci\u00f3n y Expositores<\/td><td class=\"column-2\">Implementaci\u00f3n y comercializaci\u00f3n del servicio de internet.<\/td><td class=\"column-3\">operaciones.exponor@aia.cl<\/td><td class=\"column-4\">ADJUDICADO<\/td>\n<\/tr>\n<tr class=\"row-17\">\n\t<td class=\"column-1\">Reciclaje Residuos<\/td><td class=\"column-2\"><\/td><td class=\"column-3\"><\/td><td class=\"column-4\">En proceso de licitaci\u00f3n<\/td>\n<\/tr>\n<\/tbody>\n<\/table>\n<!-- #tablepress-4 from cache --><br \/><!-- \/divi:tablepress\/table --><\/div>\n<p><!-- \/divi:group --><\/p>[\/et_pb_text][\/et_pb_column][\/et_pb_row][et_pb_row _builder_version=&#8221;4.16&#8243; background_size=&#8221;initial&#8221; background_position=&#8221;top_left&#8221; background_repeat=&#8221;repeat&#8221; custom_padding=&#8221;|||0px||&#8221; global_colors_info=&#8221;{}&#8221;][et_pb_column type=&#8221;4_4&#8243; _builder_version=&#8221;4.16&#8243; custom_padding=&#8221;|||&#8221; global_colors_info=&#8221;{}&#8221; custom_padding__hover=&#8221;|||&#8221;][et_pb_text _builder_version=&#8221;4.23.1&#8243; _module_preset=&#8221;default&#8221; text_text_color=&#8221;#000000&#8243; hover_enabled=&#8221;0&#8243; sticky_enabled=&#8221;0&#8243;]<h3>Contrataci\u00f3n de servicios y bienes<\/h3>[\/et_pb_text][et_pb_text _builder_version=&#8221;4.23.1&#8243; background_size=&#8221;initial&#8221; background_position=&#8221;top_left&#8221; background_repeat=&#8221;repeat&#8221; hover_enabled=&#8221;0&#8243; global_colors_info=&#8221;{}&#8221; sticky_enabled=&#8221;0&#8243;]<p><!-- divi:group {\"align\":\"wide\",\"layout\":{\"type\":\"constrained\"}} --><\/p>\n<div class=\"wp-block-group alignwide\"><!-- divi:tablepress\/table {\"id\":\"2\"} --><br \/>\n<table id=\"tablepress-5\" class=\"tablepress tablepress-id-5\">\n<thead>\n<tr class=\"row-1\">\n\t<th class=\"column-1\">Servicio <\/th><th class=\"column-2\">Rese\u00f1a<\/th><th class=\"column-3\">Contacto<\/th><th class=\"column-4\">Fecha l\u00edmite<\/th>\n<\/tr>\n<\/thead>\n<tbody class=\"row-striping row-hover\">\n<tr class=\"row-2\">\n\t<td class=\"column-1\">Arriendo de torres de iluminaci\u00f3n<\/td><td class=\"column-2\">Equipamiento para iluminar per\u00edmetros del recinto.<\/td><td class=\"column-3\">jcontreras@aia.cl<\/td><td class=\"column-4\">En proceso  <\/td>\n<\/tr>\n<tr class=\"row-3\">\n\t<td class=\"column-1\">Servicio de gasfiter\u00eda<\/td><td class=\"column-2\">Servicio de conexi\u00f3n para el suministro y descarga de agua en ba\u00f1os y \u00e1reas de comidas.<\/td><td class=\"column-3\">jcontreras@aia.cl<\/td><td class=\"column-4\">Marzo <\/td>\n<\/tr>\n<tr class=\"row-4\">\n\t<td class=\"column-1\">Retiro de aguas residuales<\/td><td class=\"column-2\">Servicio de retiro de aguas residuales de las fosas s\u00e9pticas.<\/td><td class=\"column-3\">jcontreras@aia.cl<\/td><td class=\"column-4\">Marzo  <\/td>\n<\/tr>\n<tr class=\"row-5\">\n\t<td class=\"column-1\">Instalaci\u00f3n de equipos de aire acondicionado<\/td><td class=\"column-2\">Instalaci\u00f3n de equipos de aire acondicionado en \u00e1rea de alimentaci\u00f3n.<\/td><td class=\"column-3\">jcontreras@aia.cl<\/td><td class=\"column-4\">Marzo  <\/td>\n<\/tr>\n<tr class=\"row-6\">\n\t<td class=\"column-1\">Suministro de combustible<\/td><td class=\"column-2\">Combustible para alimentar generadores de energ\u00eda y torres de iluminaci\u00f3n.<\/td><td class=\"column-3\">jcontreras@aia.cl<\/td><td class=\"column-4\">Marzo  <\/td>\n<\/tr>\n<tr class=\"row-7\">\n\t<td class=\"column-1\">Suministro de agua potable<\/td><td class=\"column-2\">Provisi\u00f3n de agua potable para ba\u00f1os y \u00e1reas de alimentaci\u00f3n.<\/td><td class=\"column-3\">jcontreras@aia.cl<\/td><td class=\"column-4\">Marzo  <\/td>\n<\/tr>\n<\/tbody>\n<\/table>\n<!-- #tablepress-5 from cache --><br \/><!-- \/divi:tablepress\/table --><\/div>\n<p><!-- \/divi:group --><\/p>[\/et_pb_text][\/et_pb_column][\/et_pb_row][\/et_pb_section]\n","protected":false},"excerpt":{"rendered":"<p>Trabaja Con NosotrosLicitaciones \n<table id=\"tablepress-4-no-2\" class=\"tablepress tablepress-id-4\">\n<thead>\n<tr class=\"row-1\">\n\t<th class=\"column-1\">Servicio<\/th><th class=\"column-2\">Description<\/th><th class=\"column-3\">Contact<\/th><th class=\"column-4\">Fecha de Cierre<\/th>\n<\/tr>\n<\/thead>\n<tbody class=\"row-striping row-hover\">\n<tr class=\"row-2\">\n\t<td class=\"column-1\">Suministro de cierre perimetral<\/td><td class=\"column-2\">Suministro e instalaci\u00f3n de equipamiento para cerrar o delimitar zonas o \u00e1reas de seguridad.<\/td><td class=\"column-3\">operaciones.exponor@aia.cl<\/td><td class=\"column-4\">Bases Cotizaci\u00f3n, Fecha a Confirmar<\/td>\n<\/tr>\n<tr class=\"row-3\">\n\t<td class=\"column-1\">Arriendo de equipos computacionales<\/td><td class=\"column-2\">Arriendo de computadores, impresoras, impresoras para etiquetas y suministro de etiquetas.<\/td><td class=\"column-3\">operaciones.exponor@aia.cl<\/td><td class=\"column-4\">ADJUDICADO<\/td>\n<\/tr>\n<tr class=\"row-4\">\n\t<td class=\"column-1\">Marquee rental<\/td><td class=\"column-2\">Suministro y montaje de carpas y toldos.<\/td><td class=\"column-3\">karlau.codetia@aia.cl<\/td><td class=\"column-4\">CERRADO<\/td>\n<\/tr>\n<tr class=\"row-5\">\n\t<td class=\"column-1\">Traslado de personas<\/td><td class=\"column-2\">Arriendo de buses y van para traslados de personas.<\/td><td class=\"column-3\">operaciones.exponor@aia.cl<\/td><td class=\"column-4\">En proceso de cotizaci\u00f3n hasta marzo<\/td>\n<\/tr>\n<tr class=\"row-6\">\n\t<td class=\"column-1\">Arriendo de m\u00f3dulos<\/td><td class=\"column-2\">Arriendo de m\u00f3dulos ba\u00f1os, bodegas y oficinas.<\/td><td class=\"column-3\">jcontreras@aia.cl<\/td><td class=\"column-4\">CERRADO<\/td>\n<\/tr>\n<tr class=\"row-7\">\n\t<td class=\"column-1\">Movimiento de tierra<\/td><td class=\"column-2\">Movimiento de tierra y habilitaci\u00f3n de terrenos.<\/td><td class=\"column-3\">operaciones.exponor@aia.cl<\/td><td class=\"column-4\">CERRADO<\/td>\n<\/tr>\n<tr class=\"row-8\">\n\t<td class=\"column-1\">Manejo y retiro de residuos s\u00f3lidos<\/td><td class=\"column-2\">Manejo y retiro de basura domiciliaria y escombros al vertedero.<\/td><td class=\"column-3\">operaciones.exponor@aia.cl<\/td><td class=\"column-4\">Cerrado, en adjudicaci\u00f3n<\/td>\n<\/tr>\n<tr class=\"row-9\">\n\t<td class=\"column-1\">Obras menores<\/td><td class=\"column-2\">Mantenci\u00f3n y reparaci\u00f3n de luminarias, pintura, escaleras, portones y otros.<\/td><td class=\"column-3\">jcontreras@aia.cl<\/td><td class=\"column-4\">CERRADO<\/td>\n<\/tr>\n<tr class=\"row-10\">\n\t<td class=\"column-1\">Servicio de atenci\u00f3n<\/td><td class=\"column-2\">Contrataci\u00f3n de personal para atender acreditaci\u00f3n.<\/td><td class=\"column-3\">operaciones.exponor@aia.cl<\/td><td class=\"column-4\">Bases Cotizaci\u00f3n, Fecha a Confirmar<\/td>\n<\/tr>\n<tr class=\"row-11\">\n\t<td class=\"column-1\">Arriendo de extintores<\/td><td class=\"column-2\">Equipos de extintores de PQS y CO2.<\/td><td class=\"column-3\">jcontreras@aia.cl<\/td><td class=\"column-4\">En proceso de cotizaci\u00f3n hasta marzo<\/td>\n<\/tr>\n<tr class=\"row-12\">\n\t<td class=\"column-1\">Servicio de Aseo<\/td><td class=\"column-2\"><\/td><td class=\"column-3\">jcontreras@aia.cl<\/td><td class=\"column-4\">CERRADO<\/td>\n<\/tr>\n<tr class=\"row-13\">\n\t<td class=\"column-1\">Servicio de Seguridad<\/td><td class=\"column-2\"><\/td><td class=\"column-3\">jcontreras@aia.cl<\/td><td class=\"column-4\">CERRADO<\/td>\n<\/tr>\n<tr class=\"row-14\">\n\t<td class=\"column-1\">Accreditation System<\/td><td class=\"column-2\"><\/td><td class=\"column-3\">operaciones.exponor@aia.cl<\/td><td class=\"column-4\">ADJUDICADO<\/td>\n<\/tr>\n<tr class=\"row-15\">\n\t<td class=\"column-1\">Arriendo Andamios y Estructuras<\/td><td class=\"column-2\"><\/td><td class=\"column-3\">karlau.codetia@aia.cl<\/td><td class=\"column-4\">ADJUDICADO<\/td>\n<\/tr>\n<tr class=\"row-16\">\n\t<td class=\"column-1\">Internet Organizaci\u00f3n y Expositores<\/td><td class=\"column-2\">Implementaci\u00f3n y comercializaci\u00f3n del servicio de internet.<\/td><td class=\"column-3\">operaciones.exponor@aia.cl<\/td><td class=\"column-4\">ADJUDICADO<\/td>\n<\/tr>\n<tr class=\"row-17\">\n\t<td class=\"column-1\">Reciclaje Residuos<\/td><td class=\"column-2\"><\/td><td class=\"column-3\"><\/td><td class=\"column-4\">En proceso de licitaci\u00f3n<\/td>\n<\/tr>\n<\/tbody>\n<\/table>\n Contrataci\u00f3n de servicios y bienes \n<table id=\"tablepress-5-no-2\" class=\"tablepress tablepress-id-5\">\n<thead>\n<tr class=\"row-1\">\n\t<th class=\"column-1\">Servicio <\/th><th class=\"column-2\">Rese\u00f1a<\/th><th class=\"column-3\">Contact<\/th><th class=\"column-4\">Fecha l\u00edmite<\/th>\n<\/tr>\n<\/thead>\n<tbody class=\"row-striping row-hover\">\n<tr class=\"row-2\">\n\t<td class=\"column-1\">Arriendo de torres de iluminaci\u00f3n<\/td><td class=\"column-2\">Equipamiento para iluminar per\u00edmetros del recinto.<\/td><td class=\"column-3\">jcontreras@aia.cl<\/td><td class=\"column-4\">En proceso  <\/td>\n<\/tr>\n<tr class=\"row-3\">\n\t<td class=\"column-1\">Servicio de gasfiter\u00eda<\/td><td class=\"column-2\">Servicio de conexi\u00f3n para el suministro y descarga de agua en ba\u00f1os y \u00e1reas de comidas.<\/td><td class=\"column-3\">jcontreras@aia.cl<\/td><td class=\"column-4\">Marzo <\/td>\n<\/tr>\n<tr class=\"row-4\">\n\t<td class=\"column-1\">Retiro de aguas residuales<\/td><td class=\"column-2\">Servicio de retiro de aguas residuales de las fosas s\u00e9pticas.<\/td><td class=\"column-3\">jcontreras@aia.cl<\/td><td class=\"column-4\">Marzo  <\/td>\n<\/tr>\n<tr class=\"row-5\">\n\t<td class=\"column-1\">Instalaci\u00f3n de equipos de aire acondicionado<\/td><td class=\"column-2\">Instalaci\u00f3n de equipos de aire acondicionado en \u00e1rea de alimentaci\u00f3n.<\/td><td class=\"column-3\">jcontreras@aia.cl<\/td><td class=\"column-4\">Marzo  <\/td>\n<\/tr>\n<tr class=\"row-6\">\n\t<td class=\"column-1\">Suministro de combustible<\/td><td class=\"column-2\">Combustible para alimentar generadores de energ\u00eda y torres de iluminaci\u00f3n.<\/td><td class=\"column-3\">jcontreras@aia.cl<\/td><td class=\"column-4\">Marzo  <\/td>\n<\/tr>\n<tr class=\"row-7\">\n\t<td class=\"column-1\">Suministro de agua potable<\/td><td class=\"column-2\">Provisi\u00f3n de agua potable para ba\u00f1os y \u00e1reas de alimentaci\u00f3n.<\/td><td class=\"column-3\">jcontreras@aia.cl<\/td><td class=\"column-4\">Marzo  <\/td>\n<\/tr>\n<\/tbody>\n<\/table>\n<\/p>","protected":false},"author":1,"featured_media":0,"parent":0,"menu_order":0,"comment_status":"closed","ping_status":"closed","template":"","meta":{"_et_pb_use_builder":"on","_et_pb_old_content":"<!-- wp:group {\"align\":\"wide\",\"layout\":{\"type\":\"constrained\"}} -->\n<div class=\"wp-block-group alignwide\"><!-- wp:tablepress\/table {\"id\":\"2\"} -->\n[table id=2 \/]\n<!-- \/wp:tablepress\/table --><\/div>\n<!-- \/wp:group -->","_et_gb_content_width":"","footnotes":""},"class_list":["post-3415","page","type-page","status-publish","hentry"],"yoast_head":"<!-- This site is optimized with the Yoast SEO plugin v27.5 - https:\/\/yoast.com\/product\/yoast-seo-wordpress\/ -->\n<title>Expositores 2026 - EXPONOR<\/title>\n<meta name=\"robots\" content=\"index, follow, max-snippet:-1, max-image-preview:large, max-video-preview:-1\" \/>\n<link rel=\"canonical\" href=\"https:\/\/exponor.cl\/en\/expositores-2024-2\/\" \/>\n<meta property=\"og:locale\" content=\"en_US\" \/>\n<meta property=\"og:type\" content=\"article\" \/>\n<meta property=\"og:title\" content=\"Expositores 2026 - EXPONOR\" \/>\n<meta property=\"og:description\" content=\"Trabaja Con NosotrosLicitaciones Contrataci\u00f3n de servicios y bienes\" \/>\n<meta property=\"og:url\" content=\"https:\/\/exponor.cl\/en\/expositores-2024-2\/\" \/>\n<meta property=\"og:site_name\" content=\"EXPONOR\" \/>\n<meta property=\"article:publisher\" content=\"https:\/\/facebook.com\/exponorcl\" \/>\n<meta property=\"article:modified_time\" content=\"2025-07-11T14:37:07+00:00\" \/>\n<meta name=\"twitter:card\" content=\"summary_large_image\" \/>\n<meta name=\"twitter:site\" content=\"@exponorcl\" \/>\n<meta name=\"twitter:label1\" content=\"Est. reading time\" \/>\n\t<meta name=\"twitter:data1\" content=\"2 minutes\" \/>\n<script type=\"application\/ld+json\" class=\"yoast-schema-graph\">{\"@context\":\"https:\\\/\\\/schema.org\",\"@graph\":[{\"@type\":\"WebPage\",\"@id\":\"https:\\\/\\\/exponor.cl\\\/expositores-2024-2\\\/\",\"url\":\"https:\\\/\\\/exponor.cl\\\/expositores-2024-2\\\/\",\"name\":\"Expositores 2026 - EXPONOR\",\"isPartOf\":{\"@id\":\"https:\\\/\\\/exponor.cl\\\/#website\"},\"datePublished\":\"2023-09-27T18:14:28+00:00\",\"dateModified\":\"2025-07-11T14:37:07+00:00\",\"breadcrumb\":{\"@id\":\"https:\\\/\\\/exponor.cl\\\/expositores-2024-2\\\/#breadcrumb\"},\"inLanguage\":\"en-US\",\"potentialAction\":[{\"@type\":\"ReadAction\",\"target\":[\"https:\\\/\\\/exponor.cl\\\/expositores-2024-2\\\/\"]}]},{\"@type\":\"BreadcrumbList\",\"@id\":\"https:\\\/\\\/exponor.cl\\\/expositores-2024-2\\\/#breadcrumb\",\"itemListElement\":[{\"@type\":\"ListItem\",\"position\":1,\"name\":\"Portada\",\"item\":\"https:\\\/\\\/exponor.cl\\\/\"},{\"@type\":\"ListItem\",\"position\":2,\"name\":\"Expositores 2026\"}]},{\"@type\":\"WebSite\",\"@id\":\"https:\\\/\\\/exponor.cl\\\/#website\",\"url\":\"https:\\\/\\\/exponor.cl\\\/\",\"name\":\"EXPONOR\",\"description\":\"Exhibici\u00f3n Internacional de Tecnolog\u00edas e Innovaciones para la Industria Minera y Energ\u00e9tica\",\"publisher\":{\"@id\":\"https:\\\/\\\/exponor.cl\\\/#organization\"},\"potentialAction\":[{\"@type\":\"SearchAction\",\"target\":{\"@type\":\"EntryPoint\",\"urlTemplate\":\"https:\\\/\\\/exponor.cl\\\/?s={search_term_string}\"},\"query-input\":{\"@type\":\"PropertyValueSpecification\",\"valueRequired\":true,\"valueName\":\"search_term_string\"}}],\"inLanguage\":\"en-US\"},{\"@type\":\"Organization\",\"@id\":\"https:\\\/\\\/exponor.cl\\\/#organization\",\"name\":\"EXPONOR\",\"url\":\"https:\\\/\\\/exponor.cl\\\/\",\"logo\":{\"@type\":\"ImageObject\",\"inLanguage\":\"en-US\",\"@id\":\"https:\\\/\\\/exponor.cl\\\/#\\\/schema\\\/logo\\\/image\\\/\",\"url\":\"https:\\\/\\\/exponor.cl\\\/wp-content\\\/uploads\\\/2025\\\/03\\\/EXPONOR2026_confecha.png\",\"contentUrl\":\"https:\\\/\\\/exponor.cl\\\/wp-content\\\/uploads\\\/2025\\\/03\\\/EXPONOR2026_confecha.png\",\"width\":2107,\"height\":1061,\"caption\":\"EXPONOR\"},\"image\":{\"@id\":\"https:\\\/\\\/exponor.cl\\\/#\\\/schema\\\/logo\\\/image\\\/\"},\"sameAs\":[\"https:\\\/\\\/facebook.com\\\/exponorcl\",\"https:\\\/\\\/x.com\\\/exponorcl\",\"https:\\\/\\\/cl.linkedin.com\\\/company\\\/exponorcl\",\"https:\\\/\\\/www.instagram.com\\\/exponorcl\\\/\"]}]}<\/script>\n<!-- \/ Yoast SEO plugin. -->","yoast_head_json":{"title":"Expositores 2026 - EXPONOR","robots":{"index":"index","follow":"follow","max-snippet":"max-snippet:-1","max-image-preview":"max-image-preview:large","max-video-preview":"max-video-preview:-1"},"canonical":"https:\/\/exponor.cl\/en\/expositores-2024-2\/","og_locale":"en_US","og_type":"article","og_title":"Expositores 2026 - EXPONOR","og_description":"Trabaja Con NosotrosLicitaciones Contrataci\u00f3n de servicios y bienes","og_url":"https:\/\/exponor.cl\/en\/expositores-2024-2\/","og_site_name":"EXPONOR","article_publisher":"https:\/\/facebook.com\/exponorcl","article_modified_time":"2025-07-11T14:37:07+00:00","twitter_card":"summary_large_image","twitter_site":"@exponorcl","twitter_misc":{"Est. reading time":"2 minutes"},"schema":{"@context":"https:\/\/schema.org","@graph":[{"@type":"WebPage","@id":"https:\/\/exponor.cl\/expositores-2024-2\/","url":"https:\/\/exponor.cl\/expositores-2024-2\/","name":"Expositores 2026 - EXPONOR","isPartOf":{"@id":"https:\/\/exponor.cl\/#website"},"datePublished":"2023-09-27T18:14:28+00:00","dateModified":"2025-07-11T14:37:07+00:00","breadcrumb":{"@id":"https:\/\/exponor.cl\/expositores-2024-2\/#breadcrumb"},"inLanguage":"en-US","potentialAction":[{"@type":"ReadAction","target":["https:\/\/exponor.cl\/expositores-2024-2\/"]}]},{"@type":"BreadcrumbList","@id":"https:\/\/exponor.cl\/expositores-2024-2\/#breadcrumb","itemListElement":[{"@type":"ListItem","position":1,"name":"Portada","item":"https:\/\/exponor.cl\/"},{"@type":"ListItem","position":2,"name":"Expositores 2026"}]},{"@type":"WebSite","@id":"https:\/\/exponor.cl\/#website","url":"https:\/\/exponor.cl\/","name":"EXPONOR","description":"Exhibici\u00f3n Internacional de Tecnolog\u00edas e Innovaciones para la Industria Minera y Energ\u00e9tica","publisher":{"@id":"https:\/\/exponor.cl\/#organization"},"potentialAction":[{"@type":"SearchAction","target":{"@type":"EntryPoint","urlTemplate":"https:\/\/exponor.cl\/?s={search_term_string}"},"query-input":{"@type":"PropertyValueSpecification","valueRequired":true,"valueName":"search_term_string"}}],"inLanguage":"en-US"},{"@type":"Organization","@id":"https:\/\/exponor.cl\/#organization","name":"EXPONOR","url":"https:\/\/exponor.cl\/","logo":{"@type":"ImageObject","inLanguage":"en-US","@id":"https:\/\/exponor.cl\/#\/schema\/logo\/image\/","url":"https:\/\/exponor.cl\/wp-content\/uploads\/2025\/03\/EXPONOR2026_confecha.png","contentUrl":"https:\/\/exponor.cl\/wp-content\/uploads\/2025\/03\/EXPONOR2026_confecha.png","width":2107,"height":1061,"caption":"EXPONOR"},"image":{"@id":"https:\/\/exponor.cl\/#\/schema\/logo\/image\/"},"sameAs":["https:\/\/facebook.com\/exponorcl","https:\/\/x.com\/exponorcl","https:\/\/cl.linkedin.com\/company\/exponorcl","https:\/\/www.instagram.com\/exponorcl\/"]}]}},"_links":{"self":[{"href":"https:\/\/exponor.cl\/en\/wp-json\/wp\/v2\/pages\/3415","targetHints":{"allow":["GET"]}}],"collection":[{"href":"https:\/\/exponor.cl\/en\/wp-json\/wp\/v2\/pages"}],"about":[{"href":"https:\/\/exponor.cl\/en\/wp-json\/wp\/v2\/types\/page"}],"author":[{"embeddable":true,"href":"https:\/\/exponor.cl\/en\/wp-json\/wp\/v2\/users\/1"}],"replies":[{"embeddable":true,"href":"https:\/\/exponor.cl\/en\/wp-json\/wp\/v2\/comments?post=3415"}],"version-history":[{"count":15,"href":"https:\/\/exponor.cl\/en\/wp-json\/wp\/v2\/pages\/3415\/revisions"}],"predecessor-version":[{"id":25961,"href":"https:\/\/exponor.cl\/en\/wp-json\/wp\/v2\/pages\/3415\/revisions\/25961"}],"wp:attachment":[{"href":"https:\/\/exponor.cl\/en\/wp-json\/wp\/v2\/media?parent=3415"}],"curies":[{"name":"wp","href":"https:\/\/api.w.org\/{rel}","templated":true}]}}