{"id":2516,"date":"2023-05-19T05:26:12","date_gmt":"2023-05-19T08:26:12","guid":{"rendered":"https:\/\/exponor.cl\/?page_id=2516"},"modified":"2026-02-05T09:32:31","modified_gmt":"2026-02-05T12:32:31","slug":"noticias","status":"publish","type":"page","link":"https:\/\/exponor.cl\/en\/noticias\/","title":{"rendered":"News"},"content":{"rendered":"<p>[et_pb_section fb_built=&#8221;1&#8243; specialty=&#8221;on&#8221; module_class=&#8221;padding-bottom-news&#8221; _builder_version=&#8221;4.17.4&#8243; _module_preset=&#8221;default&#8221; custom_margin=&#8221;||||false|false&#8221; custom_padding=&#8221;||15px||false|false&#8221; da_disable_devices=&#8221;off|off|off&#8221; global_colors_info=&#8221;{}&#8221; da_is_popup=&#8221;off&#8221; da_exit_intent=&#8221;off&#8221; da_has_close=&#8221;on&#8221; da_alt_close=&#8221;off&#8221; da_dark_close=&#8221;off&#8221; da_not_modal=&#8221;on&#8221; da_is_singular=&#8221;off&#8221; da_with_loader=&#8221;off&#8221; da_has_shadow=&#8221;on&#8221;][et_pb_column type=&#8221;1_3&#8243; _builder_version=&#8221;4.16&#8243; custom_padding=&#8221;|||&#8221; global_colors_info=&#8221;{}&#8221; custom_padding__hover=&#8221;|||&#8221;][et_pb_text disabled_on=&#8221;on|on|off&#8221; _builder_version=&#8221;4.24.3&#8243; _module_preset=&#8221;default&#8221; header_3_font=&#8221;Roboto Condensed|700|||||||&#8221; header_3_text_color=&#8221;#2C4D98&#8243; header_3_font_size=&#8221;26px&#8221; custom_margin=&#8221;||0px|||&#8221; custom_padding=&#8221;||8px|||&#8221; global_module=&#8221;1699&#8243; saved_tabs=&#8221;all&#8221; global_colors_info=&#8221;{}&#8221;]<\/p>\n<h3>Prensa<\/h3>\n<p>[\/et_pb_text][et_pb_menu menu_id=&#8221;27&#8243; submenu_direction=&#8221;downwards&#8221; active_link_color=&#8221;#0096D7&#8243; disabled_on=&#8221;on|on|off&#8221; module_class=&#8221;menu-aside border-gradient-exponor-2&#8243; _builder_version=&#8221;4.27.5&#8243; _module_preset=&#8221;default&#8221; menu_font=&#8221;Roboto Condensed|300|||||||&#8221; menu_text_color=&#8221;#2C4D98&#8243; menu_font_size=&#8221;21px&#8221; custom_padding=&#8221;20px|20px|20px|20px|true|true&#8221; hover_enabled=&#8221;0&#8243; border_radii=&#8221;on|10px|10px|10px|10px&#8221; box_shadow_style=&#8221;preset1&#8243; box_shadow_color=&#8221;rgba(44,77,152,0.15)&#8221; global_module=&#8221;1701&#8243; saved_tabs=&#8221;all&#8221; global_colors_info=&#8221;{}&#8221; sticky_enabled=&#8221;0&#8243;][\/et_pb_menu][et_pb_text disabled_on=&#8221;on|on|on&#8221; _builder_version=&#8221;4.17.4&#8243; _module_preset=&#8221;default&#8221; text_font=&#8221;Roboto Condensed||||||||&#8221; text_text_color=&#8221;#2C4D98&#8243; header_3_text_color=&#8221;#2C4D98&#8243; custom_margin=&#8221;||30px||false|false&#8221; custom_padding=&#8221;|||20px|false|false&#8221; border_color_all=&#8221;#E94E1B&#8221; border_width_left=&#8221;3px&#8221; disabled=&#8221;on&#8221; global_module=&#8221;1704&#8243; saved_tabs=&#8221;all&#8221; global_colors_info=&#8221;{}&#8221;]<\/p>\n<h3>PRENSA EXPONOR<\/h3>\n<p><span>Apoyo y material de referencia para medios de prensa, empresas expositoras, asesores de comunicaci\u00f3n, gabinetes ministeriales u otros organismos vinculados.<\/span><\/p>\n<p>[\/et_pb_text][et_pb_text disabled_on=&#8221;on|on|on&#8221; _builder_version=&#8221;4.27.0&#8243; _module_preset=&#8221;default&#8221; text_font=&#8221;Roboto Condensed||||||||&#8221; text_text_color=&#8221;#2C4D98&#8243; link_font=&#8221;||||on||||&#8221; link_text_color=&#8221;#E94E1B&#8221; header_3_text_color=&#8221;#2C4D98&#8243; custom_margin=&#8221;||11px||false|false&#8221; custom_padding=&#8221;|||20px|false|false&#8221; border_color_all=&#8221;#E94E1B&#8221; border_width_left=&#8221;3px&#8221; disabled=&#8221;on&#8221; global_module=&#8221;1706&#8243; saved_tabs=&#8221;all&#8221; global_colors_info=&#8221;{}&#8221;]<\/p>\n<p><span>Consultas sobre la exhibici\u00f3n o temas relacionados, contactar a Comunicaciones y Marketing de EXPONOR, al tel\u00e9fono <\/span><a href=\"tel:+56552454306\">+56 552 454 393<\/a><span> o al correo electr\u00f3nico <\/span><a href=\"mailto:comunicaciones@exponor.cl\">comunicaciones@exponor.cl<\/a><\/p>\n<p>[\/et_pb_text][et_pb_text module_class=&#8221;categorias-aside&#8221; _builder_version=&#8221;4.21.0&#8243; _dynamic_attributes=&#8221;content&#8221; _module_preset=&#8221;default&#8221; global_module=&#8221;2538&#8243; global_colors_info=&#8221;{}&#8221;]@ET-DC@eyJkeW5hbWljIjp0cnVlLCJjb250ZW50IjoicG9zdF90YWdzIiwic2V0dGluZ3MiOnsiYmVmb3JlIjoiIiwiYWZ0ZXIiOiIiLCJsaW5rX3RvX3Rlcm1fcGFnZSI6Im9uIiwic2VwYXJhdG9yIjoiIHwgIiwiY2F0ZWdvcnlfdHlwZSI6ImNhdGVnb3J5In19@[\/et_pb_text][et_pb_text module_class=&#8221;categorias-aside&#8221; _builder_version=&#8221;4.21.0&#8243; _dynamic_attributes=&#8221;content&#8221; _module_preset=&#8221;default&#8221; global_module=&#8221;2538&#8243; global_colors_info=&#8221;{}&#8221;]@ET-DC@eyJkeW5hbWljIjp0cnVlLCJjb250ZW50IjoicG9zdF90YWdzIiwic2V0dGluZ3MiOnsiYmVmb3JlIjoiIiwiYWZ0ZXIiOiIiLCJsaW5rX3RvX3Rlcm1fcGFnZSI6Im9uIiwic2VwYXJhdG9yIjoiIHwgIiwiY2F0ZWdvcnlfdHlwZSI6ImNhdGVnb3J5In19@[\/et_pb_text][\/et_pb_column][et_pb_column type=&#8221;2_3&#8243; specialty_columns=&#8221;2&#8243; _builder_version=&#8221;4.16&#8243; custom_padding=&#8221;|||&#8221; global_colors_info=&#8221;{}&#8221; custom_padding__hover=&#8221;|||&#8221;][et_pb_row_inner _builder_version=&#8221;4.17.4&#8243; _module_preset=&#8221;default&#8221; custom_padding=&#8221;27px||6px|||&#8221; global_colors_info=&#8221;{}&#8221;][et_pb_column_inner saved_specialty_column_type=&#8221;2_3&#8243; _builder_version=&#8221;4.17.4&#8243; _module_preset=&#8221;default&#8221; global_colors_info=&#8221;{}&#8221;][et_pb_text _builder_version=&#8221;4.27.0&#8243; _module_preset=&#8221;default&#8221; header_font=&#8221;|700|||||||&#8221; header_text_color=&#8221;#2C4D98&#8243; header_font_size=&#8221;36px&#8221; custom_margin=&#8221;||7px|||&#8221; custom_padding=&#8221;||4px|||&#8221; global_colors_info=&#8221;{}&#8221;]<\/p>\n<header>\n<h1>Noticias<\/h1>\n<\/header>\n<article><\/article>\n<p>[\/et_pb_text][\/et_pb_column_inner][\/et_pb_row_inner][et_pb_row_inner _builder_version=&#8221;4.21.0&#8243; _module_preset=&#8221;default&#8221; custom_margin=&#8221;||-74px|||&#8221; custom_padding=&#8221;7px|||||&#8221; global_colors_info=&#8221;{}&#8221;][et_pb_column_inner saved_specialty_column_type=&#8221;2_3&#8243; _builder_version=&#8221;4.21.0&#8243; _module_preset=&#8221;default&#8221; global_colors_info=&#8221;{}&#8221;][et_pb_blog posts_number=&#8221;8&#8243; include_categories=&#8221;all&#8221; show_author=&#8221;off&#8221; show_date=&#8221;off&#8221; show_excerpt=&#8221;off&#8221; module_class=&#8221;border-gradient-exponor-2-news-aside news-list news-page news-list-image&#8221; _builder_version=&#8221;4.27.4&#8243; _module_preset=&#8221;default&#8221; header_text_color=&#8221;#2C4D98&#8243; header_font_size=&#8221;19px&#8221; background_color=&#8221;RGBA(255,255,255,0)&#8221; custom_padding=&#8221;||||false|false&#8221; global_colors_info=&#8221;{}&#8221;][\/et_pb_blog][\/et_pb_column_inner][\/et_pb_row_inner][\/et_pb_column][\/et_pb_section][et_pb_section fb_built=&#8221;1&#8243; admin_label=&#8221;Section&#8221; _builder_version=&#8221;4.17.4&#8243; _module_preset=&#8221;default&#8221; background_image=&#8221;https:\/\/exponor.cl\/wp-content\/uploads\/2023\/04\/banner-expo-participa-1.jpg&#8221; background_size=&#8221;initial&#8221; custom_padding=&#8221;||26px|||&#8221; da_disable_devices=&#8221;off|off|off&#8221; global_module=&#8221;1546&#8243; saved_tabs=&#8221;all&#8221; global_colors_info=&#8221;{}&#8221; da_is_popup=&#8221;off&#8221; da_exit_intent=&#8221;off&#8221; da_has_close=&#8221;on&#8221; da_alt_close=&#8221;off&#8221; da_dark_close=&#8221;off&#8221; da_not_modal=&#8221;on&#8221; da_is_singular=&#8221;off&#8221; da_with_loader=&#8221;off&#8221; da_has_shadow=&#8221;on&#8221;][et_pb_row _builder_version=&#8221;4.17.4&#8243; _module_preset=&#8221;default&#8221; custom_margin=&#8221;-18px|auto||auto||&#8221; global_colors_info=&#8221;{}&#8221;][et_pb_column type=&#8221;4_4&#8243; _builder_version=&#8221;4.17.4&#8243; _module_preset=&#8221;default&#8221; global_colors_info=&#8221;{}&#8221;][et_pb_text _builder_version=&#8221;4.21.0&#8243; _module_preset=&#8221;default&#8221; link_text_color=&#8221;#E94E1B&#8221; header_2_font=&#8221;Roboto Condensed|300|||||||&#8221; header_2_text_align=&#8221;center&#8221; header_2_text_color=&#8221;#FFFFFF&#8221; custom_margin=&#8221;||6px|||&#8221; header_2_font_tablet=&#8221;&#8221; header_2_font_phone=&#8221;&#8221; header_2_font_last_edited=&#8221;on|phone&#8221; header_2_font_size_tablet=&#8221;&#8221; header_2_font_size_phone=&#8221;19px&#8221; header_2_font_size_last_edited=&#8221;on|phone&#8221; global_colors_info=&#8221;{}&#8221; link_text_color__hover=&#8221;#009A42&#8243; link_text_color__hover_enabled=&#8221;on|hover&#8221;]<\/p>\n<h2>PARTICIPA EN LA TERCERA EXHIBICI\u00d3N MINERA<\/h2>\n<p>[\/et_pb_text][et_pb_text _builder_version=&#8221;4.17.4&#8243; _module_preset=&#8221;default&#8221; link_text_color=&#8221;#E94E1B&#8221; header_2_font=&#8221;Roboto Condensed|700|||||||&#8221; header_2_text_align=&#8221;center&#8221; header_2_text_color=&#8221;#FFFFFF&#8221; header_2_font_size=&#8221;36px&#8221; custom_margin=&#8221;||-27px|||&#8221; header_2_font_tablet=&#8221;&#8221; header_2_font_phone=&#8221;&#8221; header_2_font_last_edited=&#8221;on|phone&#8221; header_2_font_size_tablet=&#8221;&#8221; header_2_font_size_phone=&#8221;31px&#8221; header_2_font_size_last_edited=&#8221;on|phone&#8221; global_colors_info=&#8221;{}&#8221; link_text_color__hover=&#8221;#009A42&#8243; link_text_color__hover_enabled=&#8221;on|hover&#8221;]<\/p>\n<h2>M\u00c1S GRANDE DEL MUNDO<\/h2>\n<p>[\/et_pb_text][\/et_pb_column][\/et_pb_row][et_pb_row column_structure=&#8221;1_2,1_2&#8243; _builder_version=&#8221;4.17.4&#8243; _module_preset=&#8221;default&#8221; custom_margin_tablet=&#8221;&#8221; custom_margin_phone=&#8221;30px||||false|false&#8221; custom_margin_last_edited=&#8221;on|phone&#8221; custom_padding=&#8221;3px|||||&#8221; global_colors_info=&#8221;{}&#8221;][et_pb_column type=&#8221;1_2&#8243; _builder_version=&#8221;4.17.4&#8243; _module_preset=&#8221;default&#8221; global_colors_info=&#8221;{}&#8221;][et_pb_button button_url=&#8221;https:\/\/exponor.cl\/wp-content\/uploads\/2024\/06\/CATALOGO-DE-EXPOSITORES-EXPONOR-2024.pdf&#8221; url_new_window=&#8221;on&#8221; button_text=&#8221;CAT\u00c1LOGO EXPOSITORES 2024&#8243; button_alignment=&#8221;right&#8221; button_alignment_tablet=&#8221;center&#8221; button_alignment_phone=&#8221;center&#8221; button_alignment_last_edited=&#8221;on|tablet&#8221; _builder_version=&#8221;4.27.2&#8243; _dynamic_attributes=&#8221;button_text&#8221; _module_preset=&#8221;default&#8221; custom_button=&#8221;on&#8221; button_text_size=&#8221;20px&#8221; button_text_color=&#8221;#FFFFFF&#8221; button_bg_color=&#8221;#0096D7&#8243; button_border_width=&#8221;0px&#8221; button_border_radius=&#8221;50px&#8221; button_font=&#8221;Roboto Condensed||||||||&#8221; custom_margin=&#8221;18px||18px||true|&#8221; custom_margin_tablet=&#8221;20px||0px||false|false&#8221; custom_margin_phone=&#8221;0px||0px||true|false&#8221; custom_margin_last_edited=&#8221;on|tablet&#8221; custom_padding=&#8221;11px|52px|11px|52px|true|true&#8221; global_colors_info=&#8221;{}&#8221;][\/et_pb_button][\/et_pb_column][et_pb_column type=&#8221;1_2&#8243; _builder_version=&#8221;4.17.4&#8243; _module_preset=&#8221;default&#8221; global_colors_info=&#8221;{}&#8221;][et_pb_button button_url=&#8221;https:\/\/exponor.cl\/wp-content\/uploads\/2024\/10\/PostShow_Exponor-2024.pdf&#8221; url_new_window=&#8221;on&#8221; button_text=&#8221;POSTSHOW 2024&#8243; button_alignment=&#8221;left&#8221; button_alignment_tablet=&#8221;center&#8221; button_alignment_phone=&#8221;center&#8221; button_alignment_last_edited=&#8221;on|tablet&#8221; _builder_version=&#8221;4.27.2&#8243; _module_preset=&#8221;default&#8221; custom_button=&#8221;on&#8221; button_text_size=&#8221;20px&#8221; button_text_color=&#8221;#FFFFFF&#8221; button_bg_color=&#8221;#0096D7&#8243; button_border_width=&#8221;0px&#8221; button_border_radius=&#8221;50px&#8221; button_font=&#8221;Roboto Condensed||||||||&#8221; custom_margin=&#8221;18px||18px||true|&#8221; custom_margin_tablet=&#8221;0px||0px||false|false&#8221; custom_margin_phone=&#8221;0px||0px||true|false&#8221; custom_margin_last_edited=&#8221;on|tablet&#8221; custom_padding=&#8221;11px|52px|11px|52px|true|true&#8221; global_colors_info=&#8221;{}&#8221;][\/et_pb_button][\/et_pb_column][\/et_pb_row][\/et_pb_section]<\/p>\n","protected":false},"excerpt":{"rendered":"<p>Prensa PRENSA EXPONOR Apoyo y material de referencia para medios de prensa, empresas expositoras, asesores de comunicaci\u00f3n, gabinetes ministeriales u otros organismos vinculados. Consultas sobre la exhibici\u00f3n o temas relacionados, contactar a Comunicaciones y Marketing de EXPONOR, al tel\u00e9fono +56 552 454 393 o al correo electr\u00f3nico comunicaciones@exponor.cl Noticias PARTICIPA EN LA TERCERA EXHIBICI\u00d3N MINERAM\u00c1S [&hellip;]<\/p>\n","protected":false},"author":1,"featured_media":0,"parent":0,"menu_order":0,"comment_status":"closed","ping_status":"closed","template":"","meta":{"_et_pb_use_builder":"on","_et_pb_old_content":"","_et_gb_content_width":"","footnotes":""},"class_list":["post-2516","page","type-page","status-publish","hentry"],"yoast_head":"<!-- This site is optimized with the Yoast SEO plugin v27.3 - https:\/\/yoast.com\/product\/yoast-seo-wordpress\/ -->\n<title>Noticias - EXPONOR<\/title>\n<meta name=\"robots\" content=\"index, follow, max-snippet:-1, max-image-preview:large, max-video-preview:-1\" \/>\n<link rel=\"canonical\" href=\"https:\/\/exponor.cl\/en\/noticias\/\" \/>\n<meta property=\"og:locale\" content=\"en_US\" \/>\n<meta property=\"og:type\" content=\"article\" \/>\n<meta property=\"og:title\" content=\"Noticias - EXPONOR\" \/>\n<meta property=\"og:description\" content=\"Prensa PRENSA EXPONOR Apoyo y material de referencia para medios de prensa, empresas expositoras, asesores de comunicaci\u00f3n, gabinetes ministeriales u otros organismos vinculados. Consultas sobre la exhibici\u00f3n o temas relacionados, contactar a Comunicaciones y Marketing de EXPONOR, al tel\u00e9fono +56 552 454 393 o al correo electr\u00f3nico comunicaciones@exponor.cl Noticias PARTICIPA EN LA TERCERA EXHIBICI\u00d3N MINERAM\u00c1S [&hellip;]\" \/>\n<meta property=\"og:url\" content=\"https:\/\/exponor.cl\/en\/noticias\/\" \/>\n<meta property=\"og:site_name\" content=\"EXPONOR\" \/>\n<meta property=\"article:publisher\" content=\"https:\/\/facebook.com\/exponorcl\" \/>\n<meta property=\"article:modified_time\" content=\"2026-02-05T12:32:31+00:00\" \/>\n<meta name=\"twitter:card\" content=\"summary_large_image\" \/>\n<meta name=\"twitter:site\" content=\"@exponorcl\" \/>\n<meta name=\"twitter:label1\" content=\"Est. reading time\" \/>\n\t<meta name=\"twitter:data1\" content=\"6 minutes\" \/>\n<script type=\"application\/ld+json\" class=\"yoast-schema-graph\">{\"@context\":\"https:\\\/\\\/schema.org\",\"@graph\":[{\"@type\":\"WebPage\",\"@id\":\"https:\\\/\\\/exponor.cl\\\/noticias\\\/\",\"url\":\"https:\\\/\\\/exponor.cl\\\/noticias\\\/\",\"name\":\"Noticias - EXPONOR\",\"isPartOf\":{\"@id\":\"https:\\\/\\\/exponor.cl\\\/#website\"},\"datePublished\":\"2023-05-19T08:26:12+00:00\",\"dateModified\":\"2026-02-05T12:32:31+00:00\",\"breadcrumb\":{\"@id\":\"https:\\\/\\\/exponor.cl\\\/noticias\\\/#breadcrumb\"},\"inLanguage\":\"en-US\",\"potentialAction\":[{\"@type\":\"ReadAction\",\"target\":[\"https:\\\/\\\/exponor.cl\\\/noticias\\\/\"]}]},{\"@type\":\"BreadcrumbList\",\"@id\":\"https:\\\/\\\/exponor.cl\\\/noticias\\\/#breadcrumb\",\"itemListElement\":[{\"@type\":\"ListItem\",\"position\":1,\"name\":\"Portada\",\"item\":\"https:\\\/\\\/exponor.cl\\\/\"},{\"@type\":\"ListItem\",\"position\":2,\"name\":\"Noticias\"}]},{\"@type\":\"WebSite\",\"@id\":\"https:\\\/\\\/exponor.cl\\\/#website\",\"url\":\"https:\\\/\\\/exponor.cl\\\/\",\"name\":\"EXPONOR\",\"description\":\"Exhibici\u00f3n Internacional de Tecnolog\u00edas e Innovaciones para la Industria Minera y Energ\u00e9tica\",\"publisher\":{\"@id\":\"https:\\\/\\\/exponor.cl\\\/#organization\"},\"potentialAction\":[{\"@type\":\"SearchAction\",\"target\":{\"@type\":\"EntryPoint\",\"urlTemplate\":\"https:\\\/\\\/exponor.cl\\\/?s={search_term_string}\"},\"query-input\":{\"@type\":\"PropertyValueSpecification\",\"valueRequired\":true,\"valueName\":\"search_term_string\"}}],\"inLanguage\":\"en-US\"},{\"@type\":\"Organization\",\"@id\":\"https:\\\/\\\/exponor.cl\\\/#organization\",\"name\":\"EXPONOR\",\"url\":\"https:\\\/\\\/exponor.cl\\\/\",\"logo\":{\"@type\":\"ImageObject\",\"inLanguage\":\"en-US\",\"@id\":\"https:\\\/\\\/exponor.cl\\\/#\\\/schema\\\/logo\\\/image\\\/\",\"url\":\"https:\\\/\\\/exponor.cl\\\/wp-content\\\/uploads\\\/2025\\\/03\\\/EXPONOR2026_confecha.png\",\"contentUrl\":\"https:\\\/\\\/exponor.cl\\\/wp-content\\\/uploads\\\/2025\\\/03\\\/EXPONOR2026_confecha.png\",\"width\":2107,\"height\":1061,\"caption\":\"EXPONOR\"},\"image\":{\"@id\":\"https:\\\/\\\/exponor.cl\\\/#\\\/schema\\\/logo\\\/image\\\/\"},\"sameAs\":[\"https:\\\/\\\/facebook.com\\\/exponorcl\",\"https:\\\/\\\/x.com\\\/exponorcl\",\"https:\\\/\\\/cl.linkedin.com\\\/company\\\/exponorcl\",\"https:\\\/\\\/www.instagram.com\\\/exponorcl\\\/\"]}]}<\/script>\n<!-- \/ Yoast SEO plugin. -->","yoast_head_json":{"title":"Noticias - EXPONOR","robots":{"index":"index","follow":"follow","max-snippet":"max-snippet:-1","max-image-preview":"max-image-preview:large","max-video-preview":"max-video-preview:-1"},"canonical":"https:\/\/exponor.cl\/en\/noticias\/","og_locale":"en_US","og_type":"article","og_title":"Noticias - EXPONOR","og_description":"Prensa PRENSA EXPONOR Apoyo y material de referencia para medios de prensa, empresas expositoras, asesores de comunicaci\u00f3n, gabinetes ministeriales u otros organismos vinculados. Consultas sobre la exhibici\u00f3n o temas relacionados, contactar a Comunicaciones y Marketing de EXPONOR, al tel\u00e9fono +56 552 454 393 o al correo electr\u00f3nico comunicaciones@exponor.cl Noticias PARTICIPA EN LA TERCERA EXHIBICI\u00d3N MINERAM\u00c1S [&hellip;]","og_url":"https:\/\/exponor.cl\/en\/noticias\/","og_site_name":"EXPONOR","article_publisher":"https:\/\/facebook.com\/exponorcl","article_modified_time":"2026-02-05T12:32:31+00:00","twitter_card":"summary_large_image","twitter_site":"@exponorcl","twitter_misc":{"Est. reading time":"6 minutes"},"schema":{"@context":"https:\/\/schema.org","@graph":[{"@type":"WebPage","@id":"https:\/\/exponor.cl\/noticias\/","url":"https:\/\/exponor.cl\/noticias\/","name":"Noticias - EXPONOR","isPartOf":{"@id":"https:\/\/exponor.cl\/#website"},"datePublished":"2023-05-19T08:26:12+00:00","dateModified":"2026-02-05T12:32:31+00:00","breadcrumb":{"@id":"https:\/\/exponor.cl\/noticias\/#breadcrumb"},"inLanguage":"en-US","potentialAction":[{"@type":"ReadAction","target":["https:\/\/exponor.cl\/noticias\/"]}]},{"@type":"BreadcrumbList","@id":"https:\/\/exponor.cl\/noticias\/#breadcrumb","itemListElement":[{"@type":"ListItem","position":1,"name":"Portada","item":"https:\/\/exponor.cl\/"},{"@type":"ListItem","position":2,"name":"Noticias"}]},{"@type":"WebSite","@id":"https:\/\/exponor.cl\/#website","url":"https:\/\/exponor.cl\/","name":"EXPONOR","description":"Exhibici\u00f3n Internacional de Tecnolog\u00edas e Innovaciones para la Industria Minera y Energ\u00e9tica","publisher":{"@id":"https:\/\/exponor.cl\/#organization"},"potentialAction":[{"@type":"SearchAction","target":{"@type":"EntryPoint","urlTemplate":"https:\/\/exponor.cl\/?s={search_term_string}"},"query-input":{"@type":"PropertyValueSpecification","valueRequired":true,"valueName":"search_term_string"}}],"inLanguage":"en-US"},{"@type":"Organization","@id":"https:\/\/exponor.cl\/#organization","name":"EXPONOR","url":"https:\/\/exponor.cl\/","logo":{"@type":"ImageObject","inLanguage":"en-US","@id":"https:\/\/exponor.cl\/#\/schema\/logo\/image\/","url":"https:\/\/exponor.cl\/wp-content\/uploads\/2025\/03\/EXPONOR2026_confecha.png","contentUrl":"https:\/\/exponor.cl\/wp-content\/uploads\/2025\/03\/EXPONOR2026_confecha.png","width":2107,"height":1061,"caption":"EXPONOR"},"image":{"@id":"https:\/\/exponor.cl\/#\/schema\/logo\/image\/"},"sameAs":["https:\/\/facebook.com\/exponorcl","https:\/\/x.com\/exponorcl","https:\/\/cl.linkedin.com\/company\/exponorcl","https:\/\/www.instagram.com\/exponorcl\/"]}]}},"_links":{"self":[{"href":"https:\/\/exponor.cl\/en\/wp-json\/wp\/v2\/pages\/2516","targetHints":{"allow":["GET"]}}],"collection":[{"href":"https:\/\/exponor.cl\/en\/wp-json\/wp\/v2\/pages"}],"about":[{"href":"https:\/\/exponor.cl\/en\/wp-json\/wp\/v2\/types\/page"}],"author":[{"embeddable":true,"href":"https:\/\/exponor.cl\/en\/wp-json\/wp\/v2\/users\/1"}],"replies":[{"embeddable":true,"href":"https:\/\/exponor.cl\/en\/wp-json\/wp\/v2\/comments?post=2516"}],"version-history":[{"count":21,"href":"https:\/\/exponor.cl\/en\/wp-json\/wp\/v2\/pages\/2516\/revisions"}],"predecessor-version":[{"id":26842,"href":"https:\/\/exponor.cl\/en\/wp-json\/wp\/v2\/pages\/2516\/revisions\/26842"}],"wp:attachment":[{"href":"https:\/\/exponor.cl\/en\/wp-json\/wp\/v2\/media?parent=2516"}],"curies":[{"name":"wp","href":"https:\/\/api.w.org\/{rel}","templated":true}]}}