{"id":1285,"date":"2023-05-08T01:07:10","date_gmt":"2023-05-08T04:07:10","guid":{"rendered":"https:\/\/exponor.cl\/?page_id=1285"},"modified":"2026-02-27T13:04:13","modified_gmt":"2026-02-27T16:04:13","slug":"contacto","status":"publish","type":"page","link":"https:\/\/exponor.cl\/en\/contacto\/","title":{"rendered":"Contact"},"content":{"rendered":"<p>[et_pb_section fb_built=&#8221;1&#8243; _builder_version=&#8221;4.17.4&#8243; _module_preset=&#8221;default&#8221; da_disable_devices=&#8221;off|off|off&#8221; global_colors_info=&#8221;{}&#8221; da_is_popup=&#8221;off&#8221; da_exit_intent=&#8221;off&#8221; da_has_close=&#8221;on&#8221; da_alt_close=&#8221;off&#8221; da_dark_close=&#8221;off&#8221; da_not_modal=&#8221;on&#8221; da_is_singular=&#8221;off&#8221; da_with_loader=&#8221;off&#8221; da_has_shadow=&#8221;on&#8221;][et_pb_row column_structure=&#8221;1_2,1_2&#8243; _builder_version=&#8221;4.24.3&#8243; _module_preset=&#8221;default&#8221; global_colors_info=&#8221;{}&#8221;][et_pb_column type=&#8221;1_2&#8243; _builder_version=&#8221;4.24.3&#8243; _module_preset=&#8221;default&#8221; global_colors_info=&#8221;{}&#8221;][dvppl_cf7_styler form_bg=&#8221;RGBA(255,255,255,0)&#8221; button_alignment=&#8221;right&#8221; cf7=&#8221;1284&#8243; form_field_height=&#8221;46px&#8221; form_background_color=&#8221;#FFFFFF&#8221; form_field_spacing=&#8221;2px&#8221; module_class=&#8221;contacto-form&#8221; _builder_version=&#8221;4.17.4&#8243; _module_preset=&#8221;default&#8221; form_field_font_font=&#8221;Roboto Condensed||||||||&#8221; custom_submit_button=&#8221;on&#8221; submit_button_text_size=&#8221;20px&#8221; submit_button_bg_use_color_gradient=&#8221;on&#8221; submit_button_bg_color_gradient_direction=&#8221;90deg&#8221; submit_button_border_width=&#8221;0px&#8221; submit_button_border_radius=&#8221;50px&#8221; submit_button_custom_padding=&#8221;18px|59px|18px|59px|true|true&#8221; border_radii_field=&#8221;on|7px|7px|7px|7px&#8221; global_colors_info=&#8221;{}&#8221;][\/dvppl_cf7_styler][\/et_pb_column][et_pb_column type=&#8221;1_2&#8243; _builder_version=&#8221;4.17.4&#8243; _module_preset=&#8221;default&#8221; global_colors_info=&#8221;{}&#8221;][et_pb_text _builder_version=&#8221;4.27.0&#8243; _module_preset=&#8221;default&#8221; text_font=&#8221;Roboto Condensed||||||||&#8221; text_text_color=&#8221;#2C4D98&#8243; link_font=&#8221;||||on||||&#8221; link_text_color=&#8221;#E94E1B&#8221; header_3_text_color=&#8221;#2C4D98&#8243; custom_margin=&#8221;||30px||false|false&#8221; custom_padding=&#8221;|||20px|false|false&#8221; border_color_all=&#8221;#E94E1B&#8221; border_width_left=&#8221;3px&#8221; global_colors_info=&#8221;{}&#8221; link_text_color__hover_enabled=&#8221;on|hover&#8221; link_text_color__hover=&#8221;#009A42&#8243;]<\/p>\n<h3>INFORMACIONES Y RESERVAS EN CHILE<\/h3>\n<p><a href=\"mailto:reservas@exponor.cl\">reservas@exponor.cl<\/a><\/p>\n<p>+56 552 454 335<\/p>\n<p>[\/et_pb_text][et_pb_text _builder_version=&#8221;4.27.0&#8243; _module_preset=&#8221;default&#8221; text_font=&#8221;Roboto Condensed||||||||&#8221; text_text_color=&#8221;#2C4D98&#8243; link_font=&#8221;||||on||||&#8221; link_text_color=&#8221;#E94E1B&#8221; header_3_text_color=&#8221;#2C4D98&#8243; custom_margin=&#8221;||30px||false|false&#8221; custom_padding=&#8221;|||20px|false|false&#8221; border_color_all=&#8221;#E94E1B&#8221; border_width_left=&#8221;3px&#8221; global_colors_info=&#8221;{}&#8221; link_text_color__hover=&#8221;#009A42&#8243; link_text_color__hover_enabled=&#8221;on|hover&#8221;]<\/p>\n<h3>REPRESENTANTES EXTRANJEROS<\/h3>\n<p><a href=\"mailto:areyes@aia.cl\">areyes@aia.cl<\/a><\/p>\n<p>+56 552 454 373<\/p>\n<p>[\/et_pb_text][et_pb_text _builder_version=&#8221;4.27.5&#8243; _module_preset=&#8221;default&#8221; text_font=&#8221;Roboto Condensed||||||||&#8221; text_text_color=&#8221;#2C4D98&#8243; link_font=&#8221;||||on||||&#8221; link_text_color=&#8221;#E94E1B&#8221; header_3_text_color=&#8221;#2C4D98&#8243; custom_margin=&#8221;||30px||false|false&#8221; custom_padding=&#8221;|||20px|false|false&#8221; border_color_all=&#8221;#E94E1B&#8221; border_width_left=&#8221;3px&#8221; global_colors_info=&#8221;{}&#8221; link_text_color__hover=&#8221;#009A42&#8243; link_text_color__hover_enabled=&#8221;on|hover&#8221;]<\/p>\n<h3>OPERACIONES Y ATENCI\u00d3N DE PROVEEDORES<\/h3>\n<p><a href=\"mailto:kurbina@aia.cl\">kurbina@aia.cl<\/a><br \/>+56 552 454 387<\/p>\n<p><a href=\"mailto:jcontreras@aia.cl\">jcontreras@aia.cl<\/a><br \/>+56 552 454 385<\/p>\n<p>[\/et_pb_text][et_pb_text _builder_version=&#8221;4.27.5&#8243; _module_preset=&#8221;default&#8221; text_font=&#8221;Roboto Condensed||||||||&#8221; text_text_color=&#8221;#2C4D98&#8243; link_font=&#8221;||||on||||&#8221; link_text_color=&#8221;#E94E1B&#8221; header_3_text_color=&#8221;#2C4D98&#8243; custom_margin=&#8221;||30px||false|false&#8221; custom_padding=&#8221;|||20px|false|false&#8221; hover_enabled=&#8221;0&#8243; border_color_all=&#8221;#E94E1B&#8221; border_width_left=&#8221;3px&#8221; global_colors_info=&#8221;{}&#8221; link_text_color__hover=&#8221;#009A42&#8243; link_text_color__hover_enabled=&#8221;on|hover&#8221; sticky_enabled=&#8221;0&#8243;]<\/p>\n<h3>INFORMACI\u00d3N VISITANTES<\/h3>\n<p><a href=\"mailto:visitatecnica@exponor.cl\">visitatecnica@exponor.cl<\/a><br \/>+56 55 2454392<\/p>\n<p>[\/et_pb_text][et_pb_text _builder_version=&#8221;4.27.0&#8243; _module_preset=&#8221;default&#8221; text_font=&#8221;Roboto Condensed||||||||&#8221; text_text_color=&#8221;#2C4D98&#8243; link_font=&#8221;||||on||||&#8221; link_text_color=&#8221;#E94E1B&#8221; header_3_text_color=&#8221;#2C4D98&#8243; custom_margin=&#8221;||30px||false|false&#8221; custom_padding=&#8221;|||20px|false|false&#8221; border_color_all=&#8221;#E94E1B&#8221; border_width_left=&#8221;3px&#8221; global_colors_info=&#8221;{}&#8221; link_text_color__hover=&#8221;#009A42&#8243; link_text_color__hover_enabled=&#8221;on|hover&#8221;]<\/p>\n<h3>PRENSA Y MEDIOS DE COMUNICACI\u00d3N<\/h3>\n<p><a href=\"mailto:comunicaciones@exponor.cl\">comunicaciones@exponor.cl<\/a><\/p>\n<p>+56 552 454 393<\/p>\n<p>[\/et_pb_text][\/et_pb_column][\/et_pb_row][\/et_pb_section]<\/p>\n","protected":false},"excerpt":{"rendered":"<p><div class=\"et_pb_module dvppl_cf7_styler dvppl_cf7_styler_0 contacto-form\">\n\t\t\t\t\n\t\t\t\t\n\t\t\t\t\n\t\t\t\t\n\t\t\t\t\n\t\t\t\t\n\t\t\t\t<div class=\"et_pb_module_inner\">\n\t\t\t\t\t<div class=\"dipe-cf7-container dipe-cf7-button-right\">\n\t\t\t\t\n\t\t\t\t<div class=\"dipe-cf7 dipe-cf7-styler \">\n\t\t\t\t\t\n<div class=\"wpcf7 no-js\" id=\"wpcf7-f1284-o1\" lang=\"es-CL\" dir=\"ltr\" data-wpcf7-id=\"1284\">\n<div class=\"screen-reader-response\"><p role=\"status\" aria-live=\"polite\" aria-atomic=\"true\"><\/p> <ul><\/ul><\/div>\n<form action=\"\/en\/wp-json\/wp\/v2\/pages\/1285#wpcf7-f1284-o1\" method=\"post\" class=\"wpcf7-form init\" aria-label=\"Formulario de contacto\" novalidate=\"novalidate\" data-status=\"init\">\n<fieldset class=\"hidden-fields-container\"><input type=\"hidden\" name=\"_wpcf7\" value=\"1284\" \/><input type=\"hidden\" name=\"_wpcf7_version\" value=\"6.1.5\" \/><input type=\"hidden\" name=\"_wpcf7_locale\" value=\"es_CL\" \/><input type=\"hidden\" name=\"_wpcf7_unit_tag\" value=\"wpcf7-f1284-o1\" \/><input type=\"hidden\" name=\"_wpcf7_container_post\" value=\"0\" \/><input type=\"hidden\" name=\"_wpcf7_posted_data_hash\" value=\"\" \/>\n<\/fieldset>\n<label> Nombre\n    <span class=\"wpcf7-form-control-wrap\" data-name=\"your-name\"><input size=\"40\" maxlength=\"400\" class=\"wpcf7-form-control wpcf7-text wpcf7-validates-as-required\" autocomplete=\"name\" aria-required=\"true\" aria-invalid=\"false\" value=\"\" type=\"text\" name=\"your-name\" \/><\/span> <\/label>\n\n<label> Empresa\n    <span class=\"wpcf7-form-control-wrap\" data-name=\"your-name\"><input size=\"40\" maxlength=\"400\" class=\"wpcf7-form-control wpcf7-text wpcf7-validates-as-required\" autocomplete=\"name\" aria-required=\"true\" aria-invalid=\"false\" value=\"\" type=\"text\" name=\"your-name\" \/><\/span> <\/label>\n\n<label> Correo electr\u00f3nico\n    <span class=\"wpcf7-form-control-wrap\" data-name=\"your-email\"><input size=\"40\" maxlength=\"400\" class=\"wpcf7-form-control wpcf7-email wpcf7-validates-as-required wpcf7-text wpcf7-validates-as-email\" autocomplete=\"email\" aria-required=\"true\" aria-invalid=\"false\" value=\"\" type=\"email\" name=\"your-email\" \/><\/span> <\/label>\n\n<label> Asunto\n    <span class=\"wpcf7-form-control-wrap\" data-name=\"your-subject\"><input size=\"40\" maxlength=\"400\" class=\"wpcf7-form-control wpcf7-text wpcf7-validates-as-required\" aria-required=\"true\" aria-invalid=\"false\" value=\"\" type=\"text\" name=\"your-subject\" \/><\/span> <\/label>\n\n<label> Comentario\n    <span class=\"wpcf7-form-control-wrap\" data-name=\"your-message\"><textarea cols=\"40\" rows=\"10\" maxlength=\"2000\" class=\"wpcf7-form-control wpcf7-textarea\" aria-invalid=\"false\" name=\"your-message\"><\/textarea><\/span> <\/label>\n\n<input class=\"wpcf7-form-control wpcf7-submit has-spinner\" type=\"submit\" value=\"Enviar\" \/>\n<span id=\"wpcf7-69ef9075298e2-wrapper\" class=\"wpcf7-form-control-wrap exponorweb-0805-wrap\" ><label for=\"wpcf7-69ef9075298e2-field\" class=\"hp-message\">Por favor, deja este campo vac\u00edo.<\/label><input id=\"wpcf7-69ef9075298e2-field\"  class=\"wpcf7-form-control wpcf7-text\" type=\"text\" name=\"exponorweb-0805\" value=\"\" size=\"40\" tabindex=\"-1\" autocomplete=\"new-password\" \/><\/span><p style=\"display: none !important;\" class=\"akismet-fields-container\" data-prefix=\"_wpcf7_ak_\"><label>&#916;<textarea name=\"_wpcf7_ak_hp_textarea\" cols=\"45\" rows=\"8\" maxlength=\"100\"><\/textarea><\/label><input type=\"hidden\" id=\"ak_js_1\" name=\"_wpcf7_ak_js\" value=\"135\"\/><script type=\"text\/javascript\">\n\/* <![CDATA[ *\/\ndocument.getElementById( \"ak_js_1\" ).setAttribute( \"value\", ( new Date() ).getTime() );\n\/* ]]> *\/\n<\/script>\n<\/p><div class=\"wpcf7-response-output\" aria-hidden=\"true\"><\/div>\n<\/form>\n<\/div>\n\n\t\t\t\t<\/div>\n\t\t\t<\/div>\n\t\t\t\t<\/div>\n\t\t\t<\/div>INFORMACIONES Y RESERVAS EN CHILE reservas@exponor.cl +56 552 454 335REPRESENTANTES EXTRANJEROS areyes@aia.cl +56 552 454 373OPERACIONES Y ATENCI\u00d3N DE PROVEEDORES kurbina@aia.cl+56 552 454 387 jcontreras@aia.cl+56 552 454 385INFORMACI\u00d3N VISITANTES visitatecnica@exponor.cl+56 55 2454392PRENSA Y MEDIOS DE [&hellip;]<\/p>\n","protected":false},"author":1,"featured_media":0,"parent":0,"menu_order":0,"comment_status":"closed","ping_status":"closed","template":"","meta":{"_et_pb_use_builder":"on","_et_pb_old_content":"","_et_gb_content_width":"","footnotes":""},"class_list":["post-1285","page","type-page","status-publish","hentry"],"yoast_head":"<!-- This site is optimized with the Yoast SEO plugin v27.4 - https:\/\/yoast.com\/product\/yoast-seo-wordpress\/ -->\n<title>Contacto - EXPONOR<\/title>\n<meta name=\"robots\" content=\"index, follow, max-snippet:-1, max-image-preview:large, max-video-preview:-1\" \/>\n<link rel=\"canonical\" href=\"https:\/\/exponor.cl\/en\/contacto\/\" \/>\n<meta property=\"og:locale\" content=\"en_US\" \/>\n<meta property=\"og:type\" content=\"article\" \/>\n<meta property=\"og:title\" content=\"Contacto - EXPONOR\" \/>\n<meta property=\"og:description\" content=\"INFORMACIONES Y RESERVAS EN CHILE reservas@exponor.cl +56 552 454 335REPRESENTANTES EXTRANJEROS areyes@aia.cl +56 552 454 373OPERACIONES Y ATENCI\u00d3N DE PROVEEDORES kurbina@aia.cl+56 552 454 387 jcontreras@aia.cl+56 552 454 385INFORMACI\u00d3N VISITANTES visitatecnica@exponor.cl+56 55 2454392PRENSA Y MEDIOS DE [&hellip;]\" \/>\n<meta property=\"og:url\" content=\"https:\/\/exponor.cl\/en\/contacto\/\" \/>\n<meta property=\"og:site_name\" content=\"EXPONOR\" \/>\n<meta property=\"article:publisher\" content=\"https:\/\/facebook.com\/exponorcl\" \/>\n<meta property=\"article:modified_time\" content=\"2026-02-27T16:04:13+00:00\" \/>\n<meta name=\"twitter:card\" content=\"summary_large_image\" \/>\n<meta name=\"twitter:site\" content=\"@exponorcl\" \/>\n<meta name=\"twitter:label1\" content=\"Est. reading time\" \/>\n\t<meta name=\"twitter:data1\" content=\"3 minutes\" \/>\n<script type=\"application\/ld+json\" class=\"yoast-schema-graph\">{\"@context\":\"https:\\\/\\\/schema.org\",\"@graph\":[{\"@type\":\"WebPage\",\"@id\":\"https:\\\/\\\/exponor.cl\\\/contacto\\\/\",\"url\":\"https:\\\/\\\/exponor.cl\\\/contacto\\\/\",\"name\":\"Contacto - EXPONOR\",\"isPartOf\":{\"@id\":\"https:\\\/\\\/exponor.cl\\\/#website\"},\"datePublished\":\"2023-05-08T04:07:10+00:00\",\"dateModified\":\"2026-02-27T16:04:13+00:00\",\"breadcrumb\":{\"@id\":\"https:\\\/\\\/exponor.cl\\\/contacto\\\/#breadcrumb\"},\"inLanguage\":\"en-US\",\"potentialAction\":[{\"@type\":\"ReadAction\",\"target\":[\"https:\\\/\\\/exponor.cl\\\/contacto\\\/\"]}]},{\"@type\":\"BreadcrumbList\",\"@id\":\"https:\\\/\\\/exponor.cl\\\/contacto\\\/#breadcrumb\",\"itemListElement\":[{\"@type\":\"ListItem\",\"position\":1,\"name\":\"Portada\",\"item\":\"https:\\\/\\\/exponor.cl\\\/\"},{\"@type\":\"ListItem\",\"position\":2,\"name\":\"Contacto\"}]},{\"@type\":\"WebSite\",\"@id\":\"https:\\\/\\\/exponor.cl\\\/#website\",\"url\":\"https:\\\/\\\/exponor.cl\\\/\",\"name\":\"EXPONOR\",\"description\":\"Exhibici\u00f3n Internacional de Tecnolog\u00edas e Innovaciones para la Industria Minera y Energ\u00e9tica\",\"publisher\":{\"@id\":\"https:\\\/\\\/exponor.cl\\\/#organization\"},\"potentialAction\":[{\"@type\":\"SearchAction\",\"target\":{\"@type\":\"EntryPoint\",\"urlTemplate\":\"https:\\\/\\\/exponor.cl\\\/?s={search_term_string}\"},\"query-input\":{\"@type\":\"PropertyValueSpecification\",\"valueRequired\":true,\"valueName\":\"search_term_string\"}}],\"inLanguage\":\"en-US\"},{\"@type\":\"Organization\",\"@id\":\"https:\\\/\\\/exponor.cl\\\/#organization\",\"name\":\"EXPONOR\",\"url\":\"https:\\\/\\\/exponor.cl\\\/\",\"logo\":{\"@type\":\"ImageObject\",\"inLanguage\":\"en-US\",\"@id\":\"https:\\\/\\\/exponor.cl\\\/#\\\/schema\\\/logo\\\/image\\\/\",\"url\":\"https:\\\/\\\/exponor.cl\\\/wp-content\\\/uploads\\\/2025\\\/03\\\/EXPONOR2026_confecha.png\",\"contentUrl\":\"https:\\\/\\\/exponor.cl\\\/wp-content\\\/uploads\\\/2025\\\/03\\\/EXPONOR2026_confecha.png\",\"width\":2107,\"height\":1061,\"caption\":\"EXPONOR\"},\"image\":{\"@id\":\"https:\\\/\\\/exponor.cl\\\/#\\\/schema\\\/logo\\\/image\\\/\"},\"sameAs\":[\"https:\\\/\\\/facebook.com\\\/exponorcl\",\"https:\\\/\\\/x.com\\\/exponorcl\",\"https:\\\/\\\/cl.linkedin.com\\\/company\\\/exponorcl\",\"https:\\\/\\\/www.instagram.com\\\/exponorcl\\\/\"]}]}<\/script>\n<!-- \/ Yoast SEO plugin. -->","yoast_head_json":{"title":"Contacto - EXPONOR","robots":{"index":"index","follow":"follow","max-snippet":"max-snippet:-1","max-image-preview":"max-image-preview:large","max-video-preview":"max-video-preview:-1"},"canonical":"https:\/\/exponor.cl\/en\/contacto\/","og_locale":"en_US","og_type":"article","og_title":"Contacto - EXPONOR","og_description":"INFORMACIONES Y RESERVAS EN CHILE reservas@exponor.cl +56 552 454 335REPRESENTANTES EXTRANJEROS areyes@aia.cl +56 552 454 373OPERACIONES Y ATENCI\u00d3N DE PROVEEDORES kurbina@aia.cl+56 552 454 387 jcontreras@aia.cl+56 552 454 385INFORMACI\u00d3N VISITANTES visitatecnica@exponor.cl+56 55 2454392PRENSA Y MEDIOS DE [&hellip;]","og_url":"https:\/\/exponor.cl\/en\/contacto\/","og_site_name":"EXPONOR","article_publisher":"https:\/\/facebook.com\/exponorcl","article_modified_time":"2026-02-27T16:04:13+00:00","twitter_card":"summary_large_image","twitter_site":"@exponorcl","twitter_misc":{"Est. reading time":"3 minutes"},"schema":{"@context":"https:\/\/schema.org","@graph":[{"@type":"WebPage","@id":"https:\/\/exponor.cl\/contacto\/","url":"https:\/\/exponor.cl\/contacto\/","name":"Contacto - EXPONOR","isPartOf":{"@id":"https:\/\/exponor.cl\/#website"},"datePublished":"2023-05-08T04:07:10+00:00","dateModified":"2026-02-27T16:04:13+00:00","breadcrumb":{"@id":"https:\/\/exponor.cl\/contacto\/#breadcrumb"},"inLanguage":"en-US","potentialAction":[{"@type":"ReadAction","target":["https:\/\/exponor.cl\/contacto\/"]}]},{"@type":"BreadcrumbList","@id":"https:\/\/exponor.cl\/contacto\/#breadcrumb","itemListElement":[{"@type":"ListItem","position":1,"name":"Portada","item":"https:\/\/exponor.cl\/"},{"@type":"ListItem","position":2,"name":"Contacto"}]},{"@type":"WebSite","@id":"https:\/\/exponor.cl\/#website","url":"https:\/\/exponor.cl\/","name":"EXPONOR","description":"Exhibici\u00f3n Internacional de Tecnolog\u00edas e Innovaciones para la Industria Minera y Energ\u00e9tica","publisher":{"@id":"https:\/\/exponor.cl\/#organization"},"potentialAction":[{"@type":"SearchAction","target":{"@type":"EntryPoint","urlTemplate":"https:\/\/exponor.cl\/?s={search_term_string}"},"query-input":{"@type":"PropertyValueSpecification","valueRequired":true,"valueName":"search_term_string"}}],"inLanguage":"en-US"},{"@type":"Organization","@id":"https:\/\/exponor.cl\/#organization","name":"EXPONOR","url":"https:\/\/exponor.cl\/","logo":{"@type":"ImageObject","inLanguage":"en-US","@id":"https:\/\/exponor.cl\/#\/schema\/logo\/image\/","url":"https:\/\/exponor.cl\/wp-content\/uploads\/2025\/03\/EXPONOR2026_confecha.png","contentUrl":"https:\/\/exponor.cl\/wp-content\/uploads\/2025\/03\/EXPONOR2026_confecha.png","width":2107,"height":1061,"caption":"EXPONOR"},"image":{"@id":"https:\/\/exponor.cl\/#\/schema\/logo\/image\/"},"sameAs":["https:\/\/facebook.com\/exponorcl","https:\/\/x.com\/exponorcl","https:\/\/cl.linkedin.com\/company\/exponorcl","https:\/\/www.instagram.com\/exponorcl\/"]}]}},"_links":{"self":[{"href":"https:\/\/exponor.cl\/en\/wp-json\/wp\/v2\/pages\/1285","targetHints":{"allow":["GET"]}}],"collection":[{"href":"https:\/\/exponor.cl\/en\/wp-json\/wp\/v2\/pages"}],"about":[{"href":"https:\/\/exponor.cl\/en\/wp-json\/wp\/v2\/types\/page"}],"author":[{"embeddable":true,"href":"https:\/\/exponor.cl\/en\/wp-json\/wp\/v2\/users\/1"}],"replies":[{"embeddable":true,"href":"https:\/\/exponor.cl\/en\/wp-json\/wp\/v2\/comments?post=1285"}],"version-history":[{"count":33,"href":"https:\/\/exponor.cl\/en\/wp-json\/wp\/v2\/pages\/1285\/revisions"}],"predecessor-version":[{"id":27131,"href":"https:\/\/exponor.cl\/en\/wp-json\/wp\/v2\/pages\/1285\/revisions\/27131"}],"wp:attachment":[{"href":"https:\/\/exponor.cl\/en\/wp-json\/wp\/v2\/media?parent=1285"}],"curies":[{"name":"wp","href":"https:\/\/api.w.org\/{rel}","templated":true}]}}